{"id":321,"date":"2014-05-27T12:02:57","date_gmt":"2014-05-27T09:02:57","guid":{"rendered":"http:\/\/www.studioall.com.tr\/tr\/?page_id=321"},"modified":"2016-11-08T13:28:35","modified_gmt":"2016-11-08T11:28:35","slug":"studio","status":"publish","type":"page","link":"https:\/\/www.studioall.com.tr\/tr\/studio","title":{"rendered":"STUDIO"},"content":{"rendered":"<p><img decoding=\"async\" src=\"https:\/\/www.studioall.com.tr\/tr\/wp-content\/themes\/mimar\/assets\/css\/All-png.png\" alt=\"\" \/><\/p>\n<div style=\"clear: both; height: 20px;\"><\/div>\n<p><img loading=\"lazy\" decoding=\"async\" class=\"alignleft size-full wp-image-847\" src=\"https:\/\/www.studioall.com.tr\/tr\/wp-content\/uploads\/2014\/05\/ozlem-satir-tascioglu.png\" alt=\"ozlem-satir-tascioglu\" width=\"300\" height=\"276\" data-id=\"847\" srcset=\"https:\/\/www.studioall.com.tr\/tr\/wp-content\/uploads\/2014\/05\/ozlem-satir-tascioglu.png 300w, https:\/\/www.studioall.com.tr\/tr\/wp-content\/uploads\/2014\/05\/ozlem-satir-tascioglu-280x258.png 280w\" sizes=\"auto, (max-width: 300px) 100vw, 300px\" \/><\/p>\n<p style=\"text-align: justify;\">\u00d6zlem \u015eATIR TA\u015eCIO\u011eLU, 2001 y\u0131l\u0131nda \u0130stanbul Teknik \u00dcniversitesi Mimarl\u0131k Fak\u00fcltesi\u2019nden mezun olmu\u015ftur. Mezuniyetinin ard\u0131ndan ayn\u0131 y\u0131l \u0130stanbul Teknik \u00dcniversitesi End\u00fcstri \u00dcr\u00fcnleri Tasar\u0131m\u0131 B\u00f6l\u00fcm\u00fc\u2019nde y\u00fcksek lisans e\u011fitimine ba\u015flam\u0131\u015f ve 2005 y\u0131l\u0131nda master tezini vererek y\u00fcksek lisans e\u011fitimini tamamlam\u0131\u015ft\u0131r. 2004 y\u0131l\u0131nda 4. Uluslararas\u0131 Tasar\u0131m ve Duygusal Deneyimler Konferans\u0131\u2019nda (4.th International Design &#038; Emotion Conference) davetli konu\u015fmac\u0131 olarak \u2018\u2018Duygusal Tasar\u0131m\u2019 ve Kullan\u0131c\u0131 ile Tasar\u0131mc\u0131 A\u00e7\u0131s\u0131ndan \u00d6nemi\u2019 isimli bildiri sunumu yapm\u0131\u015ft\u0131r. 2010 y\u0131l\u0131ndan beri \u201cUlusal Mimarl\u0131k ve Tasar\u0131m Dergisi\u201d PROJEM\u2019de k\u00f6\u015fe yazarl\u0131\u011f\u0131 yapmaktad\u0131r.<\/p>\n<p>&nbsp;<\/p>\n<p>&nbsp;<\/p>\n<p>&nbsp;<\/p>\n<p>&nbsp;<\/p>\n<p>&nbsp;<\/p>\n<p style=\"text-align: justify;\"><strong>studi<strong>O<\/strong><span style=\"color: #ff0000;\"><strong style=\"color: #ee2f24;\">All<\/strong>, <span style=\"color: #ee2f24;\">20 y\u0131ll\u0131k deneyimi ve ilk g\u00fcnk\u00fc heyecan\u0131 ile projeler \u00fcretmekten keyif duyar&#8230;<\/span><\/span><\/strong><\/p>\n","protected":false},"excerpt":{"rendered":"<p>\u00d6zlem \u015eATIR TA\u015eCIO\u011eLU, 2001 y\u0131l\u0131nda \u0130stanbul Teknik \u00dcniversitesi Mimarl\u0131k Fak\u00fcltesi\u2019nden mezun olmu\u015ftur. Mezuniyetinin ard\u0131ndan ayn\u0131 y\u0131l \u0130stanbul Teknik \u00dcniversitesi End\u00fcstri \u00dcr\u00fcnleri Tasar\u0131m\u0131 B\u00f6l\u00fcm\u00fc\u2019nde y\u00fcksek lisans e\u011fitimine ba\u015flam\u0131\u015f ve 2005 y\u0131l\u0131nda master tezini vererek y\u00fcksek lisans e\u011fitimini tamamlam\u0131\u015ft\u0131r. 2004 y\u0131l\u0131nda 4. Uluslararas\u0131 Tasar\u0131m ve Duygusal Deneyimler Konferans\u0131\u2019nda (4.th International Design &#038; Emotion Conference) davetli konu\u015fmac\u0131 olarak [&hellip;]<\/p>\n","protected":false},"author":1,"featured_media":0,"parent":0,"menu_order":0,"comment_status":"closed","ping_status":"closed","template":"","meta":{"footnotes":""},"class_list":["post-321","page","type-page","status-publish","hentry"],"_links":{"self":[{"href":"https:\/\/www.studioall.com.tr\/tr\/wp-json\/wp\/v2\/pages\/321","targetHints":{"allow":["GET"]}}],"collection":[{"href":"https:\/\/www.studioall.com.tr\/tr\/wp-json\/wp\/v2\/pages"}],"about":[{"href":"https:\/\/www.studioall.com.tr\/tr\/wp-json\/wp\/v2\/types\/page"}],"author":[{"embeddable":true,"href":"https:\/\/www.studioall.com.tr\/tr\/wp-json\/wp\/v2\/users\/1"}],"replies":[{"embeddable":true,"href":"https:\/\/www.studioall.com.tr\/tr\/wp-json\/wp\/v2\/comments?post=321"}],"version-history":[{"count":59,"href":"https:\/\/www.studioall.com.tr\/tr\/wp-json\/wp\/v2\/pages\/321\/revisions"}],"predecessor-version":[{"id":913,"href":"https:\/\/www.studioall.com.tr\/tr\/wp-json\/wp\/v2\/pages\/321\/revisions\/913"}],"wp:attachment":[{"href":"https:\/\/www.studioall.com.tr\/tr\/wp-json\/wp\/v2\/media?parent=321"}],"curies":[{"name":"wp","href":"https:\/\/api.w.org\/{rel}","templated":true}]}}